{"id":4601,"date":"2020-06-03T09:42:23","date_gmt":"2020-06-03T09:42:23","guid":{"rendered":"https:\/\/demo.pro.radio\/wp8\/markup-and-formatting\/"},"modified":"2020-06-03T09:42:23","modified_gmt":"2020-06-03T09:42:23","slug":"markup-and-formatting","status":"publish","type":"page","link":"https:\/\/monconcept.fr\/theme-08\/markup-and-formatting\/","title":{"rendered":"Markup and formatting"},"content":{"rendered":"<p><strong>Headings<\/strong><\/p>\n<h1>Header one<\/h1>\n<h2>Header two<\/h2>\n<h3>Header three<\/h3>\n<h4>Header four<\/h4>\n<h5>Header five<\/h5>\n<h6>Header six<\/h6>\n<h2>Blockquotes<\/h2>\n<p>Single line blockquote:<\/p>\n<blockquote><p>Stay hungry. Stay foolish.<\/p><\/blockquote>\n<p>Multi line blockquote with a cite reference:<\/p>\n<blockquote><p>People think focus means saying yes to the thing you&rsquo;ve got to focus on. But that&rsquo;s not what it means at all. It means saying no to the hundred other good ideas that there are. You have to pick carefully. I&rsquo;m actually as proud of the things we haven&rsquo;t done as the things I have done. Innovation is saying no to 1,000 things. <cite>Steve Jobs &#8211; Apple Worldwide Developers&rsquo; Conference, 1997<\/cite><\/p><\/blockquote>\n<h2>Tables<\/h2>\n<table>\n<tbody>\n<tr>\n<th>Employee<\/th>\n<th class=\"views\">Salary<\/th>\n<th><\/th>\n<\/tr>\n<tr class=\"odd\">\n<td><a href=\"http:\/\/example.com\/\">Jane<\/a><\/td>\n<td>$1<\/td>\n<td>Because that&rsquo;s all Steve Job&rsquo; needed for a salary.<\/td>\n<\/tr>\n<tr class=\"even\">\n<td><a href=\"http:\/\/example.com\">John<\/a><\/td>\n<td>$100K<\/td>\n<td>For all the blogging he does.<\/td>\n<\/tr>\n<tr class=\"odd\">\n<td><a href=\"http:\/\/example.com\/\">Jane<\/a><\/td>\n<td>$100M<\/td>\n<td>Pictures are worth a thousand words, right? So Tom x 1,000.<\/td>\n<\/tr>\n<tr class=\"even\">\n<td><a href=\"http:\/\/example.com\/\">Jane<\/a><\/td>\n<td>$100B<\/td>\n<td>With hair like that?! Enough said&#8230;<\/td>\n<\/tr>\n<\/tbody>\n<\/table>\n<h2>Definition Lists<\/h2>\n<dl>\n<dt>Definition List Title<\/dt>\n<dd>Definition list division.<\/dd>\n<dt>Startup<\/dt>\n<dd>A startup company or startup is a company or temporary organization designed to search for a repeatable and scalable business model.<\/dd>\n<dt>#dowork<\/dt>\n<dd>Coined by Rob Dyrdek and his personal body guard Christopher \u00ab\u00a0Big Black\u00a0\u00bb Boykins, \u00ab\u00a0Do Work\u00a0\u00bb works as a self motivator, to motivating your friends.<\/dd>\n<dt>Do It Live<\/dt>\n<dd>I&rsquo;ll let Bill O&rsquo;Reilly will <a title=\"We'll Do It Live\" href=\"https:\/\/www.youtube.com\/watch?v=O_HyZ5aW76c\">explain<\/a> this one.<\/dd>\n<\/dl>\n<h2>Unordered Lists (Nested)<\/h2>\n<ul>\n<li>List item one\n<ul>\n<li>List item one\n<ul>\n<li>List item one<\/li>\n<li>List item two<\/li>\n<li>List item three<\/li>\n<li>List item four<\/li>\n<\/ul>\n<\/li>\n<li>List item two<\/li>\n<li>List item three<\/li>\n<li>List item four<\/li>\n<\/ul>\n<\/li>\n<li>List item two<\/li>\n<li>List item three<\/li>\n<li>List item four<\/li>\n<\/ul>\n<h2>Ordered List (Nested)<\/h2>\n<ol>\n<li>List item one\n<ol>\n<li>List item one\n<ol>\n<li>List item one<\/li>\n<li>List item two<\/li>\n<li>List item three<\/li>\n<li>List item four<\/li>\n<\/ol>\n<\/li>\n<li>List item two<\/li>\n<li>List item three<\/li>\n<li>List item four<\/li>\n<\/ol>\n<\/li>\n<li>List item two<\/li>\n<li>List item three<\/li>\n<li>List item four<\/li>\n<\/ol>\n<h2>HTML Tags<\/h2>\n<p>These supported tags come from the WordPress.com code <a title=\"Code\" href=\"http:\/\/en.support.wordpress.com\/code\/\">FAQ<\/a>.<\/p>\n<p><strong>Address Tag<\/strong><\/p>\n<address>1 Infinite Loop<br \/>\nCupertino, CA 95014<br \/>\nUnited States<\/address>\n<p><strong>Anchor Tag (aka. Link)<\/strong><\/p>\n<p>This is an example of a <a title=\"Apple\" href=\"http:\/\/apple.com\">link<\/a>.<\/p>\n<p><strong>Abbreviation Tag<\/strong><\/p>\n<p>The abbreviation <abbr title=\"Seriously\">srsly<\/abbr> stands for \u00ab\u00a0seriously\u00a0\u00bb.<\/p>\n<p><strong>Acronym Tag<\/strong><\/p>\n<p>The acronym <acronym title=\"For The Win\">ftw<\/acronym> stands for \u00ab\u00a0for the win\u00a0\u00bb.<\/p>\n<p><strong>Big Tag<\/strong><\/p>\n<p>These tests are a <big>big<\/big> deal, but this tag is no longer supported in HTML5.<\/p>\n<p><strong>Cite Tag<\/strong><\/p>\n<p>\u00ab\u00a0Code is poetry.\u00a0\u00bb &#8212;<cite>Automattic<\/cite><\/p>\n<p><strong>Code Tag<\/strong><\/p>\n<p>You will learn later on in these tests that <code>word-wrap: break-word;<\/code> will be your best friend.<\/p>\n<p><strong>Delete Tag<\/strong><\/p>\n<p>This tag will let you <del>strikeout text<\/del>, but this tag is no longer supported in HTML5 (use the <code>&lt;strike&gt;<\/code> instead).<\/p>\n<p><strong>Emphasize Tag<\/strong><\/p>\n<p>The emphasize tag should <em>italicize<\/em> text.<\/p>\n<p><strong>Insert Tag<\/strong><\/p>\n<p>This tag should denote <ins>inserted<\/ins> text.<\/p>\n<p><strong>Keyboard Tag<\/strong><\/p>\n<p>This scarsly known tag emulates <kbd>keyboard text<\/kbd>, which is usually styled like the <code>&lt;code&gt;<\/code> tag.<\/p>\n<p><strong>Preformatted Tag<\/strong><\/p>\n<p>This tag styles large blocks of code.<\/p>\n<pre>.post-title {\n\tmargin: 0 0 5px;\n\tfont-weight: bold;\n\tfont-size: 38px;\n\tline-height: 1.2;\n}<\/pre>\n<p><strong>Quote Tag<\/strong><\/p>\n<p><q>Developers, developers, developers&#8230;<\/q> &#8211;Steve Ballmer<\/p>\n<p><strong>Strong Tag<\/strong><\/p>\n<p>This tag shows <strong>bold<strong> text.<\/strong><\/strong><\/p>\n<p><strong>Subscript Tag<\/strong><\/p>\n<p>Getting our science styling on with H<sub>2<\/sub>O, which should push the \u00ab\u00a02\u00a0\u00bb down.<\/p>\n<p><strong>Superscript Tag<\/strong><\/p>\n<p>Still sticking with science and Isaac Newton&rsquo;s E = MC<sup>2<\/sup>, which should lift the 2 up.<\/p>\n<p><strong>Teletype Tag<\/strong><\/p>\n<p>This rarely used tag emulates <tt>teletype text<\/tt>, which is usually styled like the <code>&lt;code&gt;<\/code> tag.<\/p>\n<p><strong>Variable Tag<\/strong><\/p>\n<p>This allows you to denote <var>variables<\/var>.<\/p>\n","protected":false},"excerpt":{"rendered":"<p>Headings Header one Header two Header three Header four Header five Header six Blockquotes Single line blockquote: Stay hungry. Stay foolish. Multi line blockquote with a cite reference: People think focus means saying yes to the thing you&rsquo;ve got to focus on. But that&rsquo;s not what it means at all. ...<\/p>\n","protected":false},"author":1,"featured_media":0,"parent":0,"menu_order":0,"comment_status":"closed","ping_status":"closed","template":"","meta":{"footnotes":""},"class_list":["post-4601","page","type-page","status-publish","hentry"],"yoast_head":"<!-- This site is optimized with the Yoast SEO plugin v27.3 - https:\/\/yoast.com\/product\/yoast-seo-wordpress\/ -->\n<title>Markup and formatting - D\u00e9mo Pro Radio th\u00e8me 08<\/title>\n<meta name=\"robots\" content=\"index, follow, max-snippet:-1, max-image-preview:large, max-video-preview:-1\" \/>\n<link rel=\"canonical\" href=\"https:\/\/monconcept.fr\/theme-08\/markup-and-formatting\/\" \/>\n<meta property=\"og:locale\" content=\"fr_FR\" \/>\n<meta property=\"og:type\" content=\"article\" \/>\n<meta property=\"og:title\" content=\"Markup and formatting - D\u00e9mo Pro Radio th\u00e8me 08\" \/>\n<meta property=\"og:description\" content=\"Headings Header one Header two Header three Header four Header five Header six Blockquotes Single line blockquote: Stay hungry. Stay foolish. Multi line blockquote with a cite reference: People think focus means saying yes to the thing you&rsquo;ve got to focus on. But that&rsquo;s not what it means at all. [...]\" \/>\n<meta property=\"og:url\" content=\"https:\/\/monconcept.fr\/theme-08\/markup-and-formatting\/\" \/>\n<meta property=\"og:site_name\" content=\"D\u00e9mo Pro Radio th\u00e8me 08\" \/>\n<meta name=\"twitter:card\" content=\"summary_large_image\" \/>\n<meta name=\"twitter:label1\" content=\"Dur\u00e9e de lecture estim\u00e9e\" \/>\n\t<meta name=\"twitter:data1\" content=\"3 minutes\" \/>\n<script type=\"application\/ld+json\" class=\"yoast-schema-graph\">{\"@context\":\"https:\\\/\\\/schema.org\",\"@graph\":[{\"@type\":\"WebPage\",\"@id\":\"https:\\\/\\\/monconcept.fr\\\/theme-08\\\/markup-and-formatting\\\/\",\"url\":\"https:\\\/\\\/monconcept.fr\\\/theme-08\\\/markup-and-formatting\\\/\",\"name\":\"Markup and formatting - D\u00e9mo Pro Radio th\u00e8me 08\",\"isPartOf\":{\"@id\":\"https:\\\/\\\/monconcept.fr\\\/theme-08\\\/#website\"},\"datePublished\":\"2020-06-03T09:42:23+00:00\",\"breadcrumb\":{\"@id\":\"https:\\\/\\\/monconcept.fr\\\/theme-08\\\/markup-and-formatting\\\/#breadcrumb\"},\"inLanguage\":\"fr-FR\",\"potentialAction\":[{\"@type\":\"ReadAction\",\"target\":[\"https:\\\/\\\/monconcept.fr\\\/theme-08\\\/markup-and-formatting\\\/\"]}]},{\"@type\":\"BreadcrumbList\",\"@id\":\"https:\\\/\\\/monconcept.fr\\\/theme-08\\\/markup-and-formatting\\\/#breadcrumb\",\"itemListElement\":[{\"@type\":\"ListItem\",\"position\":1,\"name\":\"Accueil\",\"item\":\"https:\\\/\\\/monconcept.fr\\\/theme-08\\\/\"},{\"@type\":\"ListItem\",\"position\":2,\"name\":\"Markup and formatting\"}]},{\"@type\":\"WebSite\",\"@id\":\"https:\\\/\\\/monconcept.fr\\\/theme-08\\\/#website\",\"url\":\"https:\\\/\\\/monconcept.fr\\\/theme-08\\\/\",\"name\":\"D\u00e9mo Pro Radio th\u00e8me 08\",\"description\":\"\",\"potentialAction\":[{\"@type\":\"SearchAction\",\"target\":{\"@type\":\"EntryPoint\",\"urlTemplate\":\"https:\\\/\\\/monconcept.fr\\\/theme-08\\\/?s={search_term_string}\"},\"query-input\":{\"@type\":\"PropertyValueSpecification\",\"valueRequired\":true,\"valueName\":\"search_term_string\"}}],\"inLanguage\":\"fr-FR\"}]}<\/script>\n<!-- \/ Yoast SEO plugin. -->","yoast_head_json":{"title":"Markup and formatting - D\u00e9mo Pro Radio th\u00e8me 08","robots":{"index":"index","follow":"follow","max-snippet":"max-snippet:-1","max-image-preview":"max-image-preview:large","max-video-preview":"max-video-preview:-1"},"canonical":"https:\/\/monconcept.fr\/theme-08\/markup-and-formatting\/","og_locale":"fr_FR","og_type":"article","og_title":"Markup and formatting - D\u00e9mo Pro Radio th\u00e8me 08","og_description":"Headings Header one Header two Header three Header four Header five Header six Blockquotes Single line blockquote: Stay hungry. Stay foolish. Multi line blockquote with a cite reference: People think focus means saying yes to the thing you&rsquo;ve got to focus on. But that&rsquo;s not what it means at all. [...]","og_url":"https:\/\/monconcept.fr\/theme-08\/markup-and-formatting\/","og_site_name":"D\u00e9mo Pro Radio th\u00e8me 08","twitter_card":"summary_large_image","twitter_misc":{"Dur\u00e9e de lecture estim\u00e9e":"3 minutes"},"schema":{"@context":"https:\/\/schema.org","@graph":[{"@type":"WebPage","@id":"https:\/\/monconcept.fr\/theme-08\/markup-and-formatting\/","url":"https:\/\/monconcept.fr\/theme-08\/markup-and-formatting\/","name":"Markup and formatting - D\u00e9mo Pro Radio th\u00e8me 08","isPartOf":{"@id":"https:\/\/monconcept.fr\/theme-08\/#website"},"datePublished":"2020-06-03T09:42:23+00:00","breadcrumb":{"@id":"https:\/\/monconcept.fr\/theme-08\/markup-and-formatting\/#breadcrumb"},"inLanguage":"fr-FR","potentialAction":[{"@type":"ReadAction","target":["https:\/\/monconcept.fr\/theme-08\/markup-and-formatting\/"]}]},{"@type":"BreadcrumbList","@id":"https:\/\/monconcept.fr\/theme-08\/markup-and-formatting\/#breadcrumb","itemListElement":[{"@type":"ListItem","position":1,"name":"Accueil","item":"https:\/\/monconcept.fr\/theme-08\/"},{"@type":"ListItem","position":2,"name":"Markup and formatting"}]},{"@type":"WebSite","@id":"https:\/\/monconcept.fr\/theme-08\/#website","url":"https:\/\/monconcept.fr\/theme-08\/","name":"D\u00e9mo Pro Radio th\u00e8me 08","description":"","potentialAction":[{"@type":"SearchAction","target":{"@type":"EntryPoint","urlTemplate":"https:\/\/monconcept.fr\/theme-08\/?s={search_term_string}"},"query-input":{"@type":"PropertyValueSpecification","valueRequired":true,"valueName":"search_term_string"}}],"inLanguage":"fr-FR"}]}},"_links":{"self":[{"href":"https:\/\/monconcept.fr\/theme-08\/wp-json\/wp\/v2\/pages\/4601","targetHints":{"allow":["GET"]}}],"collection":[{"href":"https:\/\/monconcept.fr\/theme-08\/wp-json\/wp\/v2\/pages"}],"about":[{"href":"https:\/\/monconcept.fr\/theme-08\/wp-json\/wp\/v2\/types\/page"}],"author":[{"embeddable":true,"href":"https:\/\/monconcept.fr\/theme-08\/wp-json\/wp\/v2\/users\/1"}],"replies":[{"embeddable":true,"href":"https:\/\/monconcept.fr\/theme-08\/wp-json\/wp\/v2\/comments?post=4601"}],"version-history":[{"count":0,"href":"https:\/\/monconcept.fr\/theme-08\/wp-json\/wp\/v2\/pages\/4601\/revisions"}],"wp:attachment":[{"href":"https:\/\/monconcept.fr\/theme-08\/wp-json\/wp\/v2\/media?parent=4601"}],"curies":[{"name":"wp","href":"https:\/\/api.w.org\/{rel}","templated":true}]}}